{"id":1219,"date":"2019-01-19T17:20:21","date_gmt":"2019-01-19T17:20:21","guid":{"rendered":"https:\/\/lizvandal.com\/course-2-2\/"},"modified":"2022-03-07T13:20:38","modified_gmt":"2022-03-07T13:20:38","slug":"cours-ame-du-costume","status":"publish","type":"page","link":"https:\/\/lizvandal.com\/fr\/cours-ame-du-costume\/","title":{"rendered":"L\u2019\u00c2me du Costume"},"content":{"rendered":"<div id=\"col_one_third_1\" class=\"shortcode col one_third last-no\">\n<p><img loading=\"lazy\" decoding=\"async\" class=\"alignnone size-large wp-image-1217\" src=\"https:\/\/lizvandal.com\/wp-content\/uploads\/2019\/01\/logo-ax-2-1020x1024.png\" alt=\"\" width=\"1020\" height=\"1024\" srcset=\"https:\/\/lizvandal.com\/wp-content\/uploads\/2019\/01\/logo-ax-2-1020x1024.png 1020w, https:\/\/lizvandal.com\/wp-content\/uploads\/2019\/01\/logo-ax-2-150x150.png 150w, https:\/\/lizvandal.com\/wp-content\/uploads\/2019\/01\/logo-ax-2-300x300.png 300w, https:\/\/lizvandal.com\/wp-content\/uploads\/2019\/01\/logo-ax-2-768x771.png 768w, https:\/\/lizvandal.com\/wp-content\/uploads\/2019\/01\/logo-ax-2.png 1665w\" sizes=\"(max-width: 1020px) 100vw, 1020px\" \/><\/p>\n<div id=\"ninzio-cbox-1\" data-id=\"ninzio-cbox-1\" class=\"ninzio-cbox shortcode container-shortcode align-none ninzio-clearfix\" style=\"width:100%;padding:20px 20px 20px 20px;background-color:#EDEDED;\">\n<p><strong>Diff\u00e9rents formats de cours sont offerts&nbsp;: <\/strong><\/p>\n\n<ul class=\"i-list shortcode small  \">\n<li><div><i class=\"fa fa-check\" style=\"\"><\/i><\/div><div>1 journ\u00e9e, 2-3 jours, 5 jours, 2 \u00e0 4 semaines.<\/div><\/li>\n<li><div><i class=\"fa fa-check\" style=\"\"><\/i><\/div><div>Des conf\u00e9rences et s\u00e9minaires sont aussi possibles.<\/div><\/li>\n<li><div><i class=\"fa fa-check\" style=\"\"><\/i><\/div><div>Si vous avez des besoins sp\u00e9cifiques \u00e0 propos du contenu ou de l\u2019horaire, Liz se fera un plaisir de r\u00e9pondre \u00e0 vos demandes.<\/div><\/li>\n<\/ul>\n\n<a class=\"button small \" style=\"\" href=\"https:\/\/lizvandal.com\/fr\/contact-2\/\" target=\"_self\">Contactez Liz<\/a>\n<\/div><div class=\"inline-ninzio-clearfix\"><\/div>\n<\/div>\n<div id=\"col_two_thirds_2\" class=\"shortcode col two_thirds last-yes\">\n<h1>Le corps, une forme dans l\u2019espace, en perp\u00e9tuel mouvement. Du moindre souffle, \u00e0 une simple marche jusqu\u2019aux mouvements extr\u00eames qu\u2019il peut atteindre, il n\u2019est jamais immobile.<\/h1>\n<blockquote>\n<h4>Comment cr\u00e9er un costume qui r\u00e9pond aux exigences des disciplines artistiques telles l\u2019op\u00e9ra, le th\u00e9\u00e2tre, la danse et le cirque?<\/h4>\n<h4>Comment un costume peut-il avantager le corps et ainsi le laisser exprimer son langage ? Est-il aussi beau que fonctionnel?<\/h4>\n<h4>Qu\u2019est-ce qui permet le mariage parfait des costumes avec les autres \u00e9l\u00e9ments sc\u00e9niques ?<\/h4>\n<\/blockquote>\n<p><strong>Avec son cours&nbsp;: \u00ab&nbsp;L\u2019\u00c2me du costume, Comment sublimer le corps en mouvement&nbsp;\u00bb, Liz vous enseigne comment&nbsp;:<\/strong><\/p>\n\n<ul class=\"i-list shortcode small  \">\n<li><div><i class=\"fa fa-star\" style=\"\"><\/i><\/div><div>D\u00e9velopper une conscience du corps, honorer son potentiel, maximiser son expression par une approche profonde et holistique.<\/div><\/li>\n<li><div><i class=\"fa fa-star\" style=\"\"><\/i><\/div><div>Regarder avec les yeux du c\u0153ur, \u00eatre attentif au vrais besoins de l\u2019artiste.<\/div><\/li>\n<li><div><i class=\"fa fa-star\" style=\"\"><\/i><\/div><div>\u00c9voquer un concept, sugg\u00e9rer une id\u00e9e en \u00e9purant afin de ne pas surcharger le corps de trop d\u2019\u00e9l\u00e9ments.<\/div><\/li>\n<li><div><i class=\"fa fa-star\" style=\"\"><\/i><\/div><div>\u00c9quilibrer les lignes, comprendre l\u2019impact et l\u2019utilit\u00e9 de la sym\u00e9trie et l\u2019asym\u00e9trie sur le corps.<\/div><\/li>\n<li><div><i class=\"fa fa-star\" style=\"\"><\/i><\/div><div>Comprendre quels sont les tissus les plus efficaces afin d\u2019atteindre le concept le plus juste et ainsi cr\u00e9er un moment de gr\u00e2ce sur sc\u00e8ne.<\/div><\/li>\n<\/ul>\n\n<p><strong><img loading=\"lazy\" decoding=\"async\" class=\"alignnone size-full wp-image-1224\" src=\"https:\/\/lizvandal.com\/wp-content\/uploads\/2019\/01\/Liz-en-coaching-1.jpg\" alt=\"\" width=\"962\" height=\"427\" srcset=\"https:\/\/lizvandal.com\/wp-content\/uploads\/2019\/01\/Liz-en-coaching-1.jpg 962w, https:\/\/lizvandal.com\/wp-content\/uploads\/2019\/01\/Liz-en-coaching-1-300x133.jpg 300w, https:\/\/lizvandal.com\/wp-content\/uploads\/2019\/01\/Liz-en-coaching-1-768x341.jpg 768w\" sizes=\"(max-width: 962px) 100vw, 962px\" \/><\/strong><\/p>\n<p><strong>Le programme \u00ab&nbsp;L\u2019\u00c2me du Costume&nbsp;\u00bb peut facilement \u00eatre enseign\u00e9 partout dans le monde :<\/strong><\/p>\n\n<ul class=\"i-list shortcode small  \">\n<li><div><i class=\"fa fa-check\" style=\"\"><\/i><\/div><div>Dans les universit\u00e9s, coll\u00e8ges, th\u00e9\u00e2tres, \u00e9coles d\u2019arts et de textiles.<\/div><\/li>\n<li><div><i class=\"fa fa-check\" style=\"\"><\/i><\/div><div>Dans des programmes tels&nbsp;: le design de costumes, de mode, de d\u00e9cors, ou tous cours reli\u00e9s de pr\u00e8s ou de loin aux productions artistiques.<\/div><\/li>\n<li><div><i class=\"fa fa-check\" style=\"\"><\/i><\/div><div>Dans n\u2019importe quelles \u00e9coles ou compagnies int\u00e9ress\u00e9es \u00e0 ouvrir l\u2019esprit cr\u00e9atif de leurs \u00e9tudiants ou employ\u00e9s en explorant un univers riche en d\u00e9couvertes visuelles.<\/div><\/li>\n<\/ul>\n\n<p>&nbsp;<\/p>\n<blockquote>\n<h4>En transformant votre perception, vous transcenderez le simple costume et saurez cr\u00e9er de la magie sur sc\u00e8ne !<\/h4>\n<\/blockquote>\n<\/div><span class=\"inline-ninzio-clearfix\"><\/span>\n","protected":false},"excerpt":{"rendered":"","protected":false},"author":1,"featured_media":0,"parent":0,"menu_order":0,"comment_status":"open","ping_status":"open","template":"","meta":{"ngg_post_thumbnail":0,"footnotes":""},"yoast_head":"<!-- This site is optimized with the Yoast SEO plugin v22.1 - https:\/\/yoast.com\/wordpress\/plugins\/seo\/ -->\n<title>L\u2019\u00c2me du Costume - Liz Vandal<\/title>\n<meta name=\"robots\" content=\"index, follow, max-snippet:-1, max-image-preview:large, max-video-preview:-1\" \/>\n<link rel=\"canonical\" href=\"https:\/\/lizvandal.com\/fr\/cours-ame-du-costume\/\" \/>\n<meta property=\"og:locale\" content=\"fr_FR\" \/>\n<meta property=\"og:type\" content=\"article\" \/>\n<meta property=\"og:title\" content=\"L\u2019\u00c2me du Costume - Liz Vandal\" \/>\n<meta property=\"og:url\" content=\"https:\/\/lizvandal.com\/fr\/cours-ame-du-costume\/\" \/>\n<meta property=\"og:site_name\" content=\"Liz Vandal\" \/>\n<meta property=\"article:modified_time\" content=\"2022-03-07T13:20:38+00:00\" \/>\n<meta property=\"og:image\" content=\"http:\/\/lizvandal.com\/wp-content\/uploads\/2019\/01\/logo-ax-2-1020x1024.png\" \/>\n<meta name=\"twitter:card\" content=\"summary_large_image\" \/>\n<meta name=\"twitter:label1\" content=\"Dur\u00e9e de lecture estim\u00e9e\" \/>\n\t<meta name=\"twitter:data1\" content=\"3 minutes\" \/>\n<script type=\"application\/ld+json\" class=\"yoast-schema-graph\">{\"@context\":\"https:\/\/schema.org\",\"@graph\":[{\"@type\":\"WebPage\",\"@id\":\"https:\/\/lizvandal.com\/fr\/cours-ame-du-costume\/\",\"url\":\"https:\/\/lizvandal.com\/fr\/cours-ame-du-costume\/\",\"name\":\"L\u2019\u00c2me du Costume - Liz Vandal\",\"isPartOf\":{\"@id\":\"https:\/\/lizvandal.com\/#website\"},\"datePublished\":\"2019-01-19T17:20:21+00:00\",\"dateModified\":\"2022-03-07T13:20:38+00:00\",\"breadcrumb\":{\"@id\":\"https:\/\/lizvandal.com\/fr\/cours-ame-du-costume\/#breadcrumb\"},\"inLanguage\":\"fr-FR\",\"potentialAction\":[{\"@type\":\"ReadAction\",\"target\":[\"https:\/\/lizvandal.com\/fr\/cours-ame-du-costume\/\"]}]},{\"@type\":\"BreadcrumbList\",\"@id\":\"https:\/\/lizvandal.com\/fr\/cours-ame-du-costume\/#breadcrumb\",\"itemListElement\":[{\"@type\":\"ListItem\",\"position\":1,\"name\":\"Accueil\",\"item\":\"https:\/\/lizvandal.com\/fr\/\"},{\"@type\":\"ListItem\",\"position\":2,\"name\":\"L\u2019\u00c2me du Costume\"}]},{\"@type\":\"WebSite\",\"@id\":\"https:\/\/lizvandal.com\/#website\",\"url\":\"https:\/\/lizvandal.com\/\",\"name\":\"Liz Vandal\",\"description\":\"Design | Costumes | Art\",\"publisher\":{\"@id\":\"https:\/\/lizvandal.com\/#organization\"},\"potentialAction\":[{\"@type\":\"SearchAction\",\"target\":{\"@type\":\"EntryPoint\",\"urlTemplate\":\"https:\/\/lizvandal.com\/?s={search_term_string}\"},\"query-input\":\"required name=search_term_string\"}],\"inLanguage\":\"fr-FR\"},{\"@type\":\"Organization\",\"@id\":\"https:\/\/lizvandal.com\/#organization\",\"name\":\"Vandal Costumes\",\"url\":\"https:\/\/lizvandal.com\/\",\"logo\":{\"@type\":\"ImageObject\",\"inLanguage\":\"fr-FR\",\"@id\":\"https:\/\/lizvandal.com\/#\/schema\/logo\/image\/\",\"url\":\"http:\/\/lizvandal.com\/wp-content\/uploads\/2014\/07\/logo-vandal-reg1.png\",\"contentUrl\":\"http:\/\/lizvandal.com\/wp-content\/uploads\/2014\/07\/logo-vandal-reg1.png\",\"width\":184,\"height\":75,\"caption\":\"Vandal Costumes\"},\"image\":{\"@id\":\"https:\/\/lizvandal.com\/#\/schema\/logo\/image\/\"}}]}<\/script>\n<!-- \/ Yoast SEO plugin. -->","yoast_head_json":{"title":"L\u2019\u00c2me du Costume - Liz Vandal","robots":{"index":"index","follow":"follow","max-snippet":"max-snippet:-1","max-image-preview":"max-image-preview:large","max-video-preview":"max-video-preview:-1"},"canonical":"https:\/\/lizvandal.com\/fr\/cours-ame-du-costume\/","og_locale":"fr_FR","og_type":"article","og_title":"L\u2019\u00c2me du Costume - Liz Vandal","og_url":"https:\/\/lizvandal.com\/fr\/cours-ame-du-costume\/","og_site_name":"Liz Vandal","article_modified_time":"2022-03-07T13:20:38+00:00","og_image":[{"url":"http:\/\/lizvandal.com\/wp-content\/uploads\/2019\/01\/logo-ax-2-1020x1024.png"}],"twitter_card":"summary_large_image","twitter_misc":{"Dur\u00e9e de lecture estim\u00e9e":"3 minutes"},"schema":{"@context":"https:\/\/schema.org","@graph":[{"@type":"WebPage","@id":"https:\/\/lizvandal.com\/fr\/cours-ame-du-costume\/","url":"https:\/\/lizvandal.com\/fr\/cours-ame-du-costume\/","name":"L\u2019\u00c2me du Costume - Liz Vandal","isPartOf":{"@id":"https:\/\/lizvandal.com\/#website"},"datePublished":"2019-01-19T17:20:21+00:00","dateModified":"2022-03-07T13:20:38+00:00","breadcrumb":{"@id":"https:\/\/lizvandal.com\/fr\/cours-ame-du-costume\/#breadcrumb"},"inLanguage":"fr-FR","potentialAction":[{"@type":"ReadAction","target":["https:\/\/lizvandal.com\/fr\/cours-ame-du-costume\/"]}]},{"@type":"BreadcrumbList","@id":"https:\/\/lizvandal.com\/fr\/cours-ame-du-costume\/#breadcrumb","itemListElement":[{"@type":"ListItem","position":1,"name":"Accueil","item":"https:\/\/lizvandal.com\/fr\/"},{"@type":"ListItem","position":2,"name":"L\u2019\u00c2me du Costume"}]},{"@type":"WebSite","@id":"https:\/\/lizvandal.com\/#website","url":"https:\/\/lizvandal.com\/","name":"Liz Vandal","description":"Design | Costumes | Art","publisher":{"@id":"https:\/\/lizvandal.com\/#organization"},"potentialAction":[{"@type":"SearchAction","target":{"@type":"EntryPoint","urlTemplate":"https:\/\/lizvandal.com\/?s={search_term_string}"},"query-input":"required name=search_term_string"}],"inLanguage":"fr-FR"},{"@type":"Organization","@id":"https:\/\/lizvandal.com\/#organization","name":"Vandal Costumes","url":"https:\/\/lizvandal.com\/","logo":{"@type":"ImageObject","inLanguage":"fr-FR","@id":"https:\/\/lizvandal.com\/#\/schema\/logo\/image\/","url":"http:\/\/lizvandal.com\/wp-content\/uploads\/2014\/07\/logo-vandal-reg1.png","contentUrl":"http:\/\/lizvandal.com\/wp-content\/uploads\/2014\/07\/logo-vandal-reg1.png","width":184,"height":75,"caption":"Vandal Costumes"},"image":{"@id":"https:\/\/lizvandal.com\/#\/schema\/logo\/image\/"}}]}},"_links":{"self":[{"href":"https:\/\/lizvandal.com\/fr\/wp-json\/wp\/v2\/pages\/1219"}],"collection":[{"href":"https:\/\/lizvandal.com\/fr\/wp-json\/wp\/v2\/pages"}],"about":[{"href":"https:\/\/lizvandal.com\/fr\/wp-json\/wp\/v2\/types\/page"}],"author":[{"embeddable":true,"href":"https:\/\/lizvandal.com\/fr\/wp-json\/wp\/v2\/users\/1"}],"replies":[{"embeddable":true,"href":"https:\/\/lizvandal.com\/fr\/wp-json\/wp\/v2\/comments?post=1219"}],"version-history":[{"count":18,"href":"https:\/\/lizvandal.com\/fr\/wp-json\/wp\/v2\/pages\/1219\/revisions"}],"predecessor-version":[{"id":1516,"href":"https:\/\/lizvandal.com\/fr\/wp-json\/wp\/v2\/pages\/1219\/revisions\/1516"}],"wp:attachment":[{"href":"https:\/\/lizvandal.com\/fr\/wp-json\/wp\/v2\/media?parent=1219"}],"curies":[{"name":"wp","href":"https:\/\/api.w.org\/{rel}","templated":true}]}}