{"id":30,"date":"2014-07-21T15:28:30","date_gmt":"2014-07-21T15:28:30","guid":{"rendered":"https:\/\/lizvandal.com\/wp\/?page_id=30"},"modified":"2014-08-04T16:19:38","modified_gmt":"2014-08-04T16:19:38","slug":"costumes-2","status":"publish","type":"page","link":"https:\/\/lizvandal.com\/fr\/costumes-2\/","title":{"rendered":"Costumes"},"content":{"rendered":"<h4>Depuis 25 ans la compagnie Liz Vandal se sp\u00e9cialise en design et production de costumes de sc\u00e8ne, sp\u00e9cialisation mouvement extr\u00eame comme la danse contemporaine et le cirque. Ayant aussi touch\u00e9 au th\u00e9\u00e2tre, \u00e0 l\u2019op\u00e9ra et \u00e0 des \u00e9v\u00e8nements sp\u00e9ciaux de toutes sortes, tous les milieux sont une source d\u2019inspiration infinie pour Vandal !<\/h4>\n<div class='ninzio-gap inline-ninzio-clearfix' style='height:15px'>&nbsp;<\/div>\n<div id=\"col_one_third_1\" class=\"shortcode col one_third last-no\">\n[colorbox color=\u00a0\u00bb\u00a0\u00bb border_color=\u00a0\u00bb#e1e1e1&Prime; background_color=\u00a0\u00bb#f0f0f0&Prime; border_width=\u00a0\u00bb1&Prime; border_radius=\u00a0\u00bb5&Prime; padding=\u00a0\u00bb20px 20px 20px 20px\u00a0\u00bb]<\/p>\n<h4><strong>Danse<\/strong><\/h4>\n<p>25 ann\u00e9es d\u2019exploration dans la sobri\u00e9t\u00e9, la subtilit\u00e9, la rigueur exig\u00e9e pour honorer les corps, instruments magnifiques au service du mouvement.<\/p>\n<p>[\/colorbox]<\/div>\n<div id=\"col_one_third_2\" class=\"shortcode col one_third last-no\">\n[colorbox color=\u00a0\u00bb\u00a0\u00bb border_color=\u00a0\u00bb#e1e1e1&Prime; background_color=\u00a0\u00bb#f0f0f0&Prime; border_width=\u00a0\u00bb1&Prime; border_radius=\u00a0\u00bb5&Prime; padding=\u00a0\u00bb20px 20px 20px 20px\u00a0\u00bb]<\/p>\n<h4><strong>Cirque<\/strong><\/h4>\n<p>Le r\u00eave accompli, collaborer avec le Cirque du Soleil,  puis Cirque \u00c9loize, et des artistes de cirque ind\u00e9pendants. Cr\u00e9er sans limite, des costumes aussi beaux, flamboyants,  \u00e9clat\u00e9s que fonctionnels et confortables.<br \/>\n[\/colorbox]<\/p>\n<\/div>\n<div id=\"col_one_third_3\" class=\"shortcode col one_third last-yes\">\n[colorbox color=\u00a0\u00bb\u00a0\u00bb border_color=\u00a0\u00bb#e1e1e1&Prime; background_color=\u00a0\u00bb#f0f0f0&Prime; border_width=\u00a0\u00bb1&Prime; border_radius=\u00a0\u00bb5&Prime; padding=\u00a0\u00bb20px 20px 20px 20px\u00a0\u00bb]<\/p>\n<h4><strong>Th\u00e9\u00e2tre, op\u00e9ra, \u00e9v\u00e8nements sp\u00e9ciaux\u2026<\/strong><\/h4>\n<p>Avec la rigueur exig\u00e9e pour les costumes de mouvements extr\u00eames en danse et au cirque, il y a un sentiment de libert\u00e9 extraordinaire \u00e0 d\u00e9velopper des concepts pour ces milieux ou les artistes bougent\u2026plus \u00ab\u00a0normalement\u00a0\u00bb!<br \/>\n[\/colorbox]<\/div><span class=\"inline-ninzio-clearfix\"><\/span><div class='ninzio-gap inline-ninzio-clearfix' style='height:25px'>&nbsp;<\/div>\n","protected":false},"excerpt":{"rendered":"<p>Depuis 25 ans la compagnie Liz Vandal se sp\u00e9cialise en design et production de costumes de sc\u00e8ne, sp\u00e9cialisation mouvement extr\u00eame comme la danse contemporaine et le cirque. Ayant aussi touch\u00e9 au th\u00e9\u00e2tre, \u00e0 l\u2019op\u00e9ra et \u00e0 des \u00e9v\u00e8nements sp\u00e9ciaux de toutes sortes, tous les milieux sont une source d\u2019inspiration infinie pour Vandal !<\/p>\n","protected":false},"author":1,"featured_media":0,"parent":0,"menu_order":0,"comment_status":"open","ping_status":"open","template":"","meta":{"ngg_post_thumbnail":0,"footnotes":""},"yoast_head":"<!-- This site is optimized with the Yoast SEO plugin v22.1 - https:\/\/yoast.com\/wordpress\/plugins\/seo\/ -->\n<title>Costumes - Liz Vandal<\/title>\n<meta name=\"robots\" content=\"index, follow, max-snippet:-1, max-image-preview:large, max-video-preview:-1\" \/>\n<link rel=\"canonical\" href=\"https:\/\/lizvandal.com\/fr\/costumes-2\/\" \/>\n<meta property=\"og:locale\" content=\"fr_FR\" \/>\n<meta property=\"og:type\" content=\"article\" \/>\n<meta property=\"og:title\" content=\"Costumes - Liz Vandal\" \/>\n<meta property=\"og:description\" content=\"Depuis 25 ans la compagnie Liz Vandal se sp\u00e9cialise en design et production de costumes de sc\u00e8ne, sp\u00e9cialisation mouvement extr\u00eame comme la danse contemporaine et le cirque. Ayant aussi touch\u00e9 au th\u00e9\u00e2tre, \u00e0 l\u2019op\u00e9ra et \u00e0 des \u00e9v\u00e8nements sp\u00e9ciaux de toutes sortes, tous les milieux sont une source d\u2019inspiration infinie pour Vandal !\" \/>\n<meta property=\"og:url\" content=\"https:\/\/lizvandal.com\/fr\/costumes-2\/\" \/>\n<meta property=\"og:site_name\" content=\"Liz Vandal\" \/>\n<meta property=\"article:modified_time\" content=\"2014-08-04T16:19:38+00:00\" \/>\n<meta name=\"twitter:card\" content=\"summary_large_image\" \/>\n<meta name=\"twitter:label1\" content=\"Dur\u00e9e de lecture estim\u00e9e\" \/>\n\t<meta name=\"twitter:data1\" content=\"1 minute\" \/>\n<script type=\"application\/ld+json\" class=\"yoast-schema-graph\">{\"@context\":\"https:\/\/schema.org\",\"@graph\":[{\"@type\":\"WebPage\",\"@id\":\"https:\/\/lizvandal.com\/fr\/costumes-2\/\",\"url\":\"https:\/\/lizvandal.com\/fr\/costumes-2\/\",\"name\":\"Costumes - Liz Vandal\",\"isPartOf\":{\"@id\":\"https:\/\/lizvandal.com\/#website\"},\"datePublished\":\"2014-07-21T15:28:30+00:00\",\"dateModified\":\"2014-08-04T16:19:38+00:00\",\"breadcrumb\":{\"@id\":\"https:\/\/lizvandal.com\/fr\/costumes-2\/#breadcrumb\"},\"inLanguage\":\"fr-FR\",\"potentialAction\":[{\"@type\":\"ReadAction\",\"target\":[\"https:\/\/lizvandal.com\/fr\/costumes-2\/\"]}]},{\"@type\":\"BreadcrumbList\",\"@id\":\"https:\/\/lizvandal.com\/fr\/costumes-2\/#breadcrumb\",\"itemListElement\":[{\"@type\":\"ListItem\",\"position\":1,\"name\":\"Accueil\",\"item\":\"https:\/\/lizvandal.com\/fr\/\"},{\"@type\":\"ListItem\",\"position\":2,\"name\":\"Costumes\"}]},{\"@type\":\"WebSite\",\"@id\":\"https:\/\/lizvandal.com\/#website\",\"url\":\"https:\/\/lizvandal.com\/\",\"name\":\"Liz Vandal\",\"description\":\"Design | Costumes | Art\",\"publisher\":{\"@id\":\"https:\/\/lizvandal.com\/#organization\"},\"potentialAction\":[{\"@type\":\"SearchAction\",\"target\":{\"@type\":\"EntryPoint\",\"urlTemplate\":\"https:\/\/lizvandal.com\/?s={search_term_string}\"},\"query-input\":\"required name=search_term_string\"}],\"inLanguage\":\"fr-FR\"},{\"@type\":\"Organization\",\"@id\":\"https:\/\/lizvandal.com\/#organization\",\"name\":\"Vandal Costumes\",\"url\":\"https:\/\/lizvandal.com\/\",\"logo\":{\"@type\":\"ImageObject\",\"inLanguage\":\"fr-FR\",\"@id\":\"https:\/\/lizvandal.com\/#\/schema\/logo\/image\/\",\"url\":\"http:\/\/lizvandal.com\/wp-content\/uploads\/2014\/07\/logo-vandal-reg1.png\",\"contentUrl\":\"http:\/\/lizvandal.com\/wp-content\/uploads\/2014\/07\/logo-vandal-reg1.png\",\"width\":184,\"height\":75,\"caption\":\"Vandal Costumes\"},\"image\":{\"@id\":\"https:\/\/lizvandal.com\/#\/schema\/logo\/image\/\"}}]}<\/script>\n<!-- \/ Yoast SEO plugin. -->","yoast_head_json":{"title":"Costumes - Liz Vandal","robots":{"index":"index","follow":"follow","max-snippet":"max-snippet:-1","max-image-preview":"max-image-preview:large","max-video-preview":"max-video-preview:-1"},"canonical":"https:\/\/lizvandal.com\/fr\/costumes-2\/","og_locale":"fr_FR","og_type":"article","og_title":"Costumes - Liz Vandal","og_description":"Depuis 25 ans la compagnie Liz Vandal se sp\u00e9cialise en design et production de costumes de sc\u00e8ne, sp\u00e9cialisation mouvement extr\u00eame comme la danse contemporaine et le cirque. Ayant aussi touch\u00e9 au th\u00e9\u00e2tre, \u00e0 l\u2019op\u00e9ra et \u00e0 des \u00e9v\u00e8nements sp\u00e9ciaux de toutes sortes, tous les milieux sont une source d\u2019inspiration infinie pour Vandal !","og_url":"https:\/\/lizvandal.com\/fr\/costumes-2\/","og_site_name":"Liz Vandal","article_modified_time":"2014-08-04T16:19:38+00:00","twitter_card":"summary_large_image","twitter_misc":{"Dur\u00e9e de lecture estim\u00e9e":"1 minute"},"schema":{"@context":"https:\/\/schema.org","@graph":[{"@type":"WebPage","@id":"https:\/\/lizvandal.com\/fr\/costumes-2\/","url":"https:\/\/lizvandal.com\/fr\/costumes-2\/","name":"Costumes - Liz Vandal","isPartOf":{"@id":"https:\/\/lizvandal.com\/#website"},"datePublished":"2014-07-21T15:28:30+00:00","dateModified":"2014-08-04T16:19:38+00:00","breadcrumb":{"@id":"https:\/\/lizvandal.com\/fr\/costumes-2\/#breadcrumb"},"inLanguage":"fr-FR","potentialAction":[{"@type":"ReadAction","target":["https:\/\/lizvandal.com\/fr\/costumes-2\/"]}]},{"@type":"BreadcrumbList","@id":"https:\/\/lizvandal.com\/fr\/costumes-2\/#breadcrumb","itemListElement":[{"@type":"ListItem","position":1,"name":"Accueil","item":"https:\/\/lizvandal.com\/fr\/"},{"@type":"ListItem","position":2,"name":"Costumes"}]},{"@type":"WebSite","@id":"https:\/\/lizvandal.com\/#website","url":"https:\/\/lizvandal.com\/","name":"Liz Vandal","description":"Design | Costumes | Art","publisher":{"@id":"https:\/\/lizvandal.com\/#organization"},"potentialAction":[{"@type":"SearchAction","target":{"@type":"EntryPoint","urlTemplate":"https:\/\/lizvandal.com\/?s={search_term_string}"},"query-input":"required name=search_term_string"}],"inLanguage":"fr-FR"},{"@type":"Organization","@id":"https:\/\/lizvandal.com\/#organization","name":"Vandal Costumes","url":"https:\/\/lizvandal.com\/","logo":{"@type":"ImageObject","inLanguage":"fr-FR","@id":"https:\/\/lizvandal.com\/#\/schema\/logo\/image\/","url":"http:\/\/lizvandal.com\/wp-content\/uploads\/2014\/07\/logo-vandal-reg1.png","contentUrl":"http:\/\/lizvandal.com\/wp-content\/uploads\/2014\/07\/logo-vandal-reg1.png","width":184,"height":75,"caption":"Vandal Costumes"},"image":{"@id":"https:\/\/lizvandal.com\/#\/schema\/logo\/image\/"}}]}},"_links":{"self":[{"href":"https:\/\/lizvandal.com\/fr\/wp-json\/wp\/v2\/pages\/30"}],"collection":[{"href":"https:\/\/lizvandal.com\/fr\/wp-json\/wp\/v2\/pages"}],"about":[{"href":"https:\/\/lizvandal.com\/fr\/wp-json\/wp\/v2\/types\/page"}],"author":[{"embeddable":true,"href":"https:\/\/lizvandal.com\/fr\/wp-json\/wp\/v2\/users\/1"}],"replies":[{"embeddable":true,"href":"https:\/\/lizvandal.com\/fr\/wp-json\/wp\/v2\/comments?post=30"}],"version-history":[{"count":8,"href":"https:\/\/lizvandal.com\/fr\/wp-json\/wp\/v2\/pages\/30\/revisions"}],"predecessor-version":[{"id":388,"href":"https:\/\/lizvandal.com\/fr\/wp-json\/wp\/v2\/pages\/30\/revisions\/388"}],"wp:attachment":[{"href":"https:\/\/lizvandal.com\/fr\/wp-json\/wp\/v2\/media?parent=30"}],"curies":[{"name":"wp","href":"https:\/\/api.w.org\/{rel}","templated":true}]}}