{"id":411,"date":"2014-08-04T16:50:05","date_gmt":"2014-08-04T16:50:05","guid":{"rendered":"https:\/\/lizvandal.com\/wp\/?page_id=411"},"modified":"2017-05-16T17:18:00","modified_gmt":"2017-05-16T17:18:00","slug":"services","status":"publish","type":"page","link":"https:\/\/lizvandal.com\/fr\/services\/","title":{"rendered":"Services"},"content":{"rendered":"<h1>Costumes<\/h1>\n<h4>Depuis plus de 25 ans, la compagnie Vandal \u0153uvre dans le design et la production de costumes de sc\u00e8ne, sp\u00e9cialisation mouvement extr\u00eame, comme le ballet, la danse contemporaine et le cirque. Ayant aussi touch\u00e9 au cin\u00e9ma, au th\u00e9\u00e2tre, \u00e0 l\u2019op\u00e9ra et \u00e0 des \u00e9v\u00e8nements sp\u00e9ciaux de toutes sortes, tous les milieux sont une source d\u2019inspiration infinie pour Vandal !<\/h4>\n<div class='ninzio-gap inline-ninzio-clearfix' style='height:15px'>&nbsp;<\/div>\n<div id=\"col_one_third_1\" class=\"shortcode col one_third last-no\">\n<div id=\"ninzio-cbox-1\" data-id=\"ninzio-cbox-1\" class=\"ninzio-cbox shortcode container-shortcode align-left ninzio-clearfix\" style=\"width:100%;padding:20px 20px 20px 20px;border-radius:5px;border-width:1px; border-style:solid;border-color:#e1e1e1;background-color:#f4f4f4;\">\n<h4><\/h4>\n<h4><strong><img loading=\"lazy\" decoding=\"async\" class=\"alignnone size-large wp-image-425\" src=\"https:\/\/lizvandal.com\/wp-content\/uploads\/2016\/04\/danse-cirque.jpg\" alt=\"Danse et cirque\" width=\"600\" height=\"338\" \/><\/strong><\/h4>\n<h3>Danse et Cirque<\/h3>\n<p><span style=\"color: #808080;\">Un quart de si\u00e8cle d\u2019exploration dans la sobri\u00e9t\u00e9, la subtilit\u00e9, la rigueur exig\u00e9es pour honorer les corps, instruments magnifiques au service du mouvement. Cr\u00e9er sans limite des costumes aussi esth\u00e9tiques que fonctionnels\u00a0!<\/span><\/p>\n<\/div><div class=\"inline-ninzio-clearfix\"><\/div><\/div>\n<div id=\"col_one_third_2\" class=\"shortcode col one_third last-no\">\n<div id=\"ninzio-cbox-2\" data-id=\"ninzio-cbox-2\" class=\"ninzio-cbox shortcode container-shortcode align-left ninzio-clearfix\" style=\"width:100%;padding:20px 20px 20px 20px;border-radius:5px;border-width:1px; border-style:solid;border-color:#e1e1e1;background-color:#f4f4f4;\">\n<h4><\/h4>\n<h4><strong><img loading=\"lazy\" decoding=\"async\" class=\"alignnone size-large wp-image-422\" src=\"https:\/\/lizvandal.com\/wp-content\/uploads\/2016\/04\/international-events.jpg\" alt=\"International\" width=\"600\" height=\"338\" \/><\/strong><\/h4>\n<h3>\u00c9v\u00e8nements internationaux<\/h3>\n<p><span style=\"color: #808080;\">Vandal d\u00e9ploie son imagination sur toute la plan\u00e8te\u00a0! Lorsque la cr\u00e9ativit\u00e9 est au service d\u2019une nation, les milliers de costumes sont cr\u00e9\u00e9s pour magnifier des \u00e9v\u00e8nements internationaux tels que : c\u00e9r\u00e9monies de jeux olympiques ou Coupes mondiales\u00a0!<\/span><br \/>\n<\/div><div class=\"inline-ninzio-clearfix\"><\/div>\n<\/div>\n<div id=\"col_one_third_3\" class=\"shortcode col one_third last-yes\">\n<div id=\"ninzio-cbox-3\" data-id=\"ninzio-cbox-3\" class=\"ninzio-cbox shortcode container-shortcode align-left ninzio-clearfix\" style=\"width:100%;padding:20px 20px 20px 20px;border-radius:5px;border-width:1px; border-style:solid;border-color:#e1e1e1;background-color:#f4f4f4;\">\n<h4><\/h4>\n<h4><strong><img loading=\"lazy\" decoding=\"async\" class=\"alignnone size-large wp-image-427\" src=\"https:\/\/lizvandal.com\/wp-content\/uploads\/2016\/04\/cinema.jpg\" alt=\"Cinema\" width=\"600\" height=\"338\" \/><\/strong><\/h4>\n<h3>Cin\u00e9ma, th\u00e9\u00e2tre et t\u00e9l\u00e9vision<\/h3>\n<p><span style=\"color: #808080;\">La cr\u00e9ativit\u00e9 sans borne de Vandal s\u2019exprime dans tous les domaines du milieu artistique ! Des concepts magnifiques adapt\u00e9s \u00e0 chaque sph\u00e8re d\u2019activit\u00e9 o\u00f9 les m\u00eames crit\u00e8res de beaut\u00e9, de confort et d\u2019\u00e9l\u00e9gance sont appliqu\u00e9s !<\/span><br \/>\n<\/div><div class=\"inline-ninzio-clearfix\"><\/div><\/div><span class=\"inline-ninzio-clearfix\"><\/span>\n<h1>Design<\/h1>\n<h4>Dans une d\u00e9marche de \u00ab d\u00e9mocratisation du design\u00a0\u00bb, Vandal est fi\u00e8re de proposer ses concepts dans de nouveaux domaines !<div class='ninzio-gap inline-ninzio-clearfix' style='height:15px'>&nbsp;<\/div><\/h4>\n<div id=\"col_one_third_4\" class=\"shortcode col one_third last-no\">\n<div id=\"ninzio-cbox-4\" data-id=\"ninzio-cbox-4\" class=\"ninzio-cbox shortcode container-shortcode align-left ninzio-clearfix\" style=\"width:100%;padding:20px 20px 20px 20px;border-radius:5px;border-width:1px; border-style:solid;border-color:#e1e1e1;background-color:#f4f4f4;\">\n<h4><\/h4>\n<h4><strong><img loading=\"lazy\" decoding=\"async\" class=\"alignnone size-large wp-image-429\" src=\"https:\/\/lizvandal.com\/wp-content\/uploads\/2016\/04\/uniforme2.jpg\" alt=\"Uniformes\" width=\"600\" height=\"338\" \/><\/strong><\/h4>\n<h3>Uniformes<\/h3>\n<p><span style=\"color: #808080;\">Vandal offre maintenant sa cr\u00e9ativit\u00e9 pour des accessoires d\u2019uniformes tels que : cravates, foulards, sacs etc. ou pour une allure \u00ab vandalizante\u00a0\u00bb compl\u00e8te par des uniformes classiques et \u00e9l\u00e9gants !<\/span><\/p>\n<\/div><div class=\"inline-ninzio-clearfix\"><\/div><\/div>\n<div id=\"col_one_third_5\" class=\"shortcode col one_third last-no\">\n<div id=\"ninzio-cbox-5\" data-id=\"ninzio-cbox-5\" class=\"ninzio-cbox shortcode container-shortcode align-left ninzio-clearfix\" style=\"width:100%;padding:20px 20px 20px 20px;border-radius:5px;border-width:1px; border-style:solid;border-color:#e1e1e1;background-color:#f4f4f4;\">\n<h4><\/h4>\n<h4><strong><img loading=\"lazy\" decoding=\"async\" class=\"alignnone size-large wp-image-428\" src=\"https:\/\/lizvandal.com\/wp-content\/uploads\/2016\/04\/produits-derives2.jpg\" alt=\"Produits d\u00e9riv\u00e9s\" width=\"600\" height=\"338\" \/><\/strong><\/h4>\n<h3>Produits d\u00e9riv\u00e9s<\/h3>\n<p><span style=\"color: #808080;\">Les produits d\u00e9riv\u00e9s sont les tr\u00e9sors qui portent la richesse cr\u00e9ative de la marque Vandal, accessible \u00e0 tous! Des coussins, des sacs \u00e0 main, n\u0153uds papillons ? Tout pour vous servir!<\/span><br \/>\n<\/div><div class=\"inline-ninzio-clearfix\"><\/div>\n<\/div>\n<div id=\"col_one_third_6\" class=\"shortcode col one_third last-yes\">\n<div id=\"ninzio-cbox-6\" data-id=\"ninzio-cbox-6\" class=\"ninzio-cbox shortcode container-shortcode align-left ninzio-clearfix\" style=\"width:100%;padding:20px 20px 20px 20px;border-radius:5px;border-width:1px; border-style:solid;border-color:#e1e1e1;background-color:#f4f4f4;\">\n<h4><\/h4>\n<h4><strong><img loading=\"lazy\" decoding=\"async\" class=\"alignnone size-large wp-image-426\" src=\"https:\/\/lizvandal.com\/wp-content\/uploads\/2016\/04\/design-environnemental2.jpg\" alt=\"Design environnemental\" width=\"600\" height=\"338\" \/><\/strong><\/h4>\n<h3>Design environnemental<\/h3>\n<p><span style=\"color: #808080;\">Habiller les corps et les meubles ! Vandal participe au d\u00e9veloppement de concepts d\u2019am\u00e9nagements de meubles pour des \u00e9v\u00e8nements, des lieux publics ou spectacles!<\/span><\/p>\n<\/div><div class=\"inline-ninzio-clearfix\"><\/div><\/div><span class=\"inline-ninzio-clearfix\"><\/span><div class='ninzio-gap inline-ninzio-clearfix' style='height:15px'>&nbsp;<\/div>\n<h1>Consultation<\/h1>\n<h4>Vandal offre ses services de coaching, conf\u00e9rences et ateliers cr\u00e9atifs aupr\u00e8s des \u00e9coles, entreprises et corporations!<div class='ninzio-gap inline-ninzio-clearfix' style='height:15px'>&nbsp;<\/div><\/h4>\n<div id=\"col_one_third_7\" class=\"shortcode col one_third last-no\">\n<div id=\"ninzio-cbox-7\" data-id=\"ninzio-cbox-7\" class=\"ninzio-cbox shortcode container-shortcode align-left ninzio-clearfix\" style=\"width:100%;padding:20px 20px 20px 20px;border-radius:5px;border-width:1px; border-style:solid;border-color:#e1e1e1;background-color:#f4f4f4;\">\n<h4><\/h4>\n<h4><strong><img loading=\"lazy\" decoding=\"async\" class=\"alignnone size-large wp-image-423\" src=\"https:\/\/lizvandal.com\/wp-content\/uploads\/2016\/04\/coaching2.jpg\" alt=\"Coaching\" width=\"600\" height=\"338\" \/><\/strong><\/h4>\n<h3>Coaching<\/h3>\n<p><span style=\"color: #808080;\">Des interventions d\u2019une journ\u00e9e ou \u00e0 la semaine en entreprise. L\u2019observation des collections afin d\u2019analyser la d\u00e9marche autant au niveau conceptuel, qu\u2019au niveau technique de la coupe, de l\u2019\u00e9tude des prototypes et du \u00ab fit parfait \u00bb!<\/span><\/p>\n<\/div><div class=\"inline-ninzio-clearfix\"><\/div><\/div>\n<div id=\"col_one_third_8\" class=\"shortcode col one_third last-no\">\n<div id=\"ninzio-cbox-8\" data-id=\"ninzio-cbox-8\" class=\"ninzio-cbox shortcode container-shortcode align-left ninzio-clearfix\" style=\"width:100%;padding:20px 20px 20px 20px;border-radius:5px;border-width:1px; border-style:solid;border-color:#e1e1e1;background-color:#f4f4f4;\">\n<h4><\/h4>\n<h4><strong><img loading=\"lazy\" decoding=\"async\" class=\"alignnone size-large wp-image-424\" src=\"https:\/\/lizvandal.com\/wp-content\/uploads\/2016\/04\/conferences2.jpg\" alt=\"Conferences\" width=\"600\" height=\"338\" \/><\/strong><\/h4>\n<h3>Conf\u00e9rences<\/h3>\n<p><span style=\"color: #808080;\">Avec son approche parfois d\u00e9routante, touchante et motivante, Liz inspire par le partage de ses exp\u00e9riences. T\u00e9moignages, r\u00e9flexion, philosophie, offrant connaissance et passion. Trucs pour innover, se r\u00e9inventer, retrouver le feu qui anime l\u2019\u00e2me artiste en chacun!<\/span><br \/>\n<\/div><div class=\"inline-ninzio-clearfix\"><\/div>\n<\/div>\n<div id=\"col_one_third_9\" class=\"shortcode col one_third last-yes\">\n<div id=\"ninzio-cbox-9\" data-id=\"ninzio-cbox-9\" class=\"ninzio-cbox shortcode container-shortcode align-left ninzio-clearfix\" style=\"width:100%;padding:20px 20px 20px 20px;border-radius:5px;border-width:1px; border-style:solid;border-color:#e1e1e1;background-color:#f4f4f4;\">\n<h4><\/h4>\n<h4><strong><img loading=\"lazy\" decoding=\"async\" class=\"alignnone size-large wp-image-421\" src=\"https:\/\/lizvandal.com\/wp-content\/uploads\/2016\/04\/ateliers2.jpg\" alt=\"Ateliers\" width=\"600\" height=\"338\" \/><\/strong><\/h4>\n<h3>Atelier cr\u00e9atifs<\/h3>\n<p><span style=\"color: #808080;\">Des exercices pour se reconnecter \u00e0 sa cr\u00e9ativit\u00e9 inn\u00e9e, arr\u00eater le mental contr\u00f4lant qui obstrue l\u2019inspiration naturelle, passer \u00e0 l\u2019action de cr\u00e9er au lieu de l\u2019intellectualisation du processus. Le mantra\u00a0: TOUT EST POSSIBLE\u00a0!<\/span><br \/>\n<\/div><div class=\"inline-ninzio-clearfix\"><\/div><\/div><span class=\"inline-ninzio-clearfix\"><\/span><div class='ninzio-gap inline-ninzio-clearfix' style='height:50px'>&nbsp;<\/div>\n","protected":false},"excerpt":{"rendered":"<p>Costumes Depuis plus de 25 ans, la compagnie Vandal \u0153uvre dans le design et la production de costumes de sc\u00e8ne, sp\u00e9cialisation mouvement extr\u00eame, comme le ballet, la danse contemporaine et le cirque. Ayant aussi touch\u00e9 au cin\u00e9ma, au th\u00e9\u00e2tre, \u00e0 l\u2019op\u00e9ra et \u00e0 des \u00e9v\u00e8nements sp\u00e9ciaux de toutes sortes, tous les milieux sont une source [&hellip;]<\/p>\n","protected":false},"author":1,"featured_media":0,"parent":0,"menu_order":0,"comment_status":"open","ping_status":"open","template":"","meta":{"ngg_post_thumbnail":0,"footnotes":""},"yoast_head":"<!-- This site is optimized with the Yoast SEO plugin v22.1 - https:\/\/yoast.com\/wordpress\/plugins\/seo\/ -->\n<title>Design de costumes pour danse, cirque et \u00e9v\u00e9nements internationaux<\/title>\n<meta name=\"description\" content=\"Design de costumes Danse et Cirque, \u00c9v\u00e8nements internationaux, Cin\u00e9ma, th\u00e9\u00e2tre et t\u00e9l\u00e9vision. Design d\u2019Uniformes, de Produits d\u00e9riv\u00e9s et Design environnemental. Coaching pour Coaching, Conf\u00e9rences et Atelier cr\u00e9atifs.\" \/>\n<meta name=\"robots\" content=\"index, follow, max-snippet:-1, max-image-preview:large, max-video-preview:-1\" \/>\n<link rel=\"canonical\" href=\"https:\/\/lizvandal.com\/fr\/services\/\" \/>\n<meta property=\"og:locale\" content=\"fr_FR\" \/>\n<meta property=\"og:type\" content=\"article\" \/>\n<meta property=\"og:title\" content=\"Design de costumes pour danse, cirque et \u00e9v\u00e9nements internationaux\" \/>\n<meta property=\"og:description\" content=\"Design de costumes Danse et Cirque, \u00c9v\u00e8nements internationaux, Cin\u00e9ma, th\u00e9\u00e2tre et t\u00e9l\u00e9vision. Design d\u2019Uniformes, de Produits d\u00e9riv\u00e9s et Design environnemental. Coaching pour Coaching, Conf\u00e9rences et Atelier cr\u00e9atifs.\" \/>\n<meta property=\"og:url\" content=\"https:\/\/lizvandal.com\/fr\/services\/\" \/>\n<meta property=\"og:site_name\" content=\"Liz Vandal\" \/>\n<meta property=\"article:modified_time\" content=\"2017-05-16T17:18:00+00:00\" \/>\n<meta property=\"og:image\" content=\"http:\/\/lizvandal.com\/wp-content\/uploads\/2016\/04\/danse-cirque.jpg\" \/>\n<meta name=\"twitter:card\" content=\"summary_large_image\" \/>\n<meta name=\"twitter:label1\" content=\"Dur\u00e9e de lecture estim\u00e9e\" \/>\n\t<meta name=\"twitter:data1\" content=\"4 minutes\" \/>\n<script type=\"application\/ld+json\" class=\"yoast-schema-graph\">{\"@context\":\"https:\/\/schema.org\",\"@graph\":[{\"@type\":\"WebPage\",\"@id\":\"https:\/\/lizvandal.com\/fr\/services\/\",\"url\":\"https:\/\/lizvandal.com\/fr\/services\/\",\"name\":\"Design de costumes pour danse, cirque et \u00e9v\u00e9nements internationaux\",\"isPartOf\":{\"@id\":\"https:\/\/lizvandal.com\/#website\"},\"datePublished\":\"2014-08-04T16:50:05+00:00\",\"dateModified\":\"2017-05-16T17:18:00+00:00\",\"description\":\"Design de costumes Danse et Cirque, \u00c9v\u00e8nements internationaux, Cin\u00e9ma, th\u00e9\u00e2tre et t\u00e9l\u00e9vision. Design d\u2019Uniformes, de Produits d\u00e9riv\u00e9s et Design environnemental. Coaching pour Coaching, Conf\u00e9rences et Atelier cr\u00e9atifs.\",\"breadcrumb\":{\"@id\":\"https:\/\/lizvandal.com\/fr\/services\/#breadcrumb\"},\"inLanguage\":\"fr-FR\",\"potentialAction\":[{\"@type\":\"ReadAction\",\"target\":[\"https:\/\/lizvandal.com\/fr\/services\/\"]}]},{\"@type\":\"BreadcrumbList\",\"@id\":\"https:\/\/lizvandal.com\/fr\/services\/#breadcrumb\",\"itemListElement\":[{\"@type\":\"ListItem\",\"position\":1,\"name\":\"Accueil\",\"item\":\"https:\/\/lizvandal.com\/fr\/\"},{\"@type\":\"ListItem\",\"position\":2,\"name\":\"Services\"}]},{\"@type\":\"WebSite\",\"@id\":\"https:\/\/lizvandal.com\/#website\",\"url\":\"https:\/\/lizvandal.com\/\",\"name\":\"Liz Vandal\",\"description\":\"Design | Costumes | Art\",\"publisher\":{\"@id\":\"https:\/\/lizvandal.com\/#organization\"},\"potentialAction\":[{\"@type\":\"SearchAction\",\"target\":{\"@type\":\"EntryPoint\",\"urlTemplate\":\"https:\/\/lizvandal.com\/?s={search_term_string}\"},\"query-input\":\"required name=search_term_string\"}],\"inLanguage\":\"fr-FR\"},{\"@type\":\"Organization\",\"@id\":\"https:\/\/lizvandal.com\/#organization\",\"name\":\"Vandal Costumes\",\"url\":\"https:\/\/lizvandal.com\/\",\"logo\":{\"@type\":\"ImageObject\",\"inLanguage\":\"fr-FR\",\"@id\":\"https:\/\/lizvandal.com\/#\/schema\/logo\/image\/\",\"url\":\"http:\/\/lizvandal.com\/wp-content\/uploads\/2014\/07\/logo-vandal-reg1.png\",\"contentUrl\":\"http:\/\/lizvandal.com\/wp-content\/uploads\/2014\/07\/logo-vandal-reg1.png\",\"width\":184,\"height\":75,\"caption\":\"Vandal Costumes\"},\"image\":{\"@id\":\"https:\/\/lizvandal.com\/#\/schema\/logo\/image\/\"}}]}<\/script>\n<!-- \/ Yoast SEO plugin. -->","yoast_head_json":{"title":"Design de costumes pour danse, cirque et \u00e9v\u00e9nements internationaux","description":"Design de costumes Danse et Cirque, \u00c9v\u00e8nements internationaux, Cin\u00e9ma, th\u00e9\u00e2tre et t\u00e9l\u00e9vision. Design d\u2019Uniformes, de Produits d\u00e9riv\u00e9s et Design environnemental. Coaching pour Coaching, Conf\u00e9rences et Atelier cr\u00e9atifs.","robots":{"index":"index","follow":"follow","max-snippet":"max-snippet:-1","max-image-preview":"max-image-preview:large","max-video-preview":"max-video-preview:-1"},"canonical":"https:\/\/lizvandal.com\/fr\/services\/","og_locale":"fr_FR","og_type":"article","og_title":"Design de costumes pour danse, cirque et \u00e9v\u00e9nements internationaux","og_description":"Design de costumes Danse et Cirque, \u00c9v\u00e8nements internationaux, Cin\u00e9ma, th\u00e9\u00e2tre et t\u00e9l\u00e9vision. Design d\u2019Uniformes, de Produits d\u00e9riv\u00e9s et Design environnemental. Coaching pour Coaching, Conf\u00e9rences et Atelier cr\u00e9atifs.","og_url":"https:\/\/lizvandal.com\/fr\/services\/","og_site_name":"Liz Vandal","article_modified_time":"2017-05-16T17:18:00+00:00","og_image":[{"url":"http:\/\/lizvandal.com\/wp-content\/uploads\/2016\/04\/danse-cirque.jpg"}],"twitter_card":"summary_large_image","twitter_misc":{"Dur\u00e9e de lecture estim\u00e9e":"4 minutes"},"schema":{"@context":"https:\/\/schema.org","@graph":[{"@type":"WebPage","@id":"https:\/\/lizvandal.com\/fr\/services\/","url":"https:\/\/lizvandal.com\/fr\/services\/","name":"Design de costumes pour danse, cirque et \u00e9v\u00e9nements internationaux","isPartOf":{"@id":"https:\/\/lizvandal.com\/#website"},"datePublished":"2014-08-04T16:50:05+00:00","dateModified":"2017-05-16T17:18:00+00:00","description":"Design de costumes Danse et Cirque, \u00c9v\u00e8nements internationaux, Cin\u00e9ma, th\u00e9\u00e2tre et t\u00e9l\u00e9vision. Design d\u2019Uniformes, de Produits d\u00e9riv\u00e9s et Design environnemental. Coaching pour Coaching, Conf\u00e9rences et Atelier cr\u00e9atifs.","breadcrumb":{"@id":"https:\/\/lizvandal.com\/fr\/services\/#breadcrumb"},"inLanguage":"fr-FR","potentialAction":[{"@type":"ReadAction","target":["https:\/\/lizvandal.com\/fr\/services\/"]}]},{"@type":"BreadcrumbList","@id":"https:\/\/lizvandal.com\/fr\/services\/#breadcrumb","itemListElement":[{"@type":"ListItem","position":1,"name":"Accueil","item":"https:\/\/lizvandal.com\/fr\/"},{"@type":"ListItem","position":2,"name":"Services"}]},{"@type":"WebSite","@id":"https:\/\/lizvandal.com\/#website","url":"https:\/\/lizvandal.com\/","name":"Liz Vandal","description":"Design | Costumes | Art","publisher":{"@id":"https:\/\/lizvandal.com\/#organization"},"potentialAction":[{"@type":"SearchAction","target":{"@type":"EntryPoint","urlTemplate":"https:\/\/lizvandal.com\/?s={search_term_string}"},"query-input":"required name=search_term_string"}],"inLanguage":"fr-FR"},{"@type":"Organization","@id":"https:\/\/lizvandal.com\/#organization","name":"Vandal Costumes","url":"https:\/\/lizvandal.com\/","logo":{"@type":"ImageObject","inLanguage":"fr-FR","@id":"https:\/\/lizvandal.com\/#\/schema\/logo\/image\/","url":"http:\/\/lizvandal.com\/wp-content\/uploads\/2014\/07\/logo-vandal-reg1.png","contentUrl":"http:\/\/lizvandal.com\/wp-content\/uploads\/2014\/07\/logo-vandal-reg1.png","width":184,"height":75,"caption":"Vandal Costumes"},"image":{"@id":"https:\/\/lizvandal.com\/#\/schema\/logo\/image\/"}}]}},"_links":{"self":[{"href":"https:\/\/lizvandal.com\/fr\/wp-json\/wp\/v2\/pages\/411"}],"collection":[{"href":"https:\/\/lizvandal.com\/fr\/wp-json\/wp\/v2\/pages"}],"about":[{"href":"https:\/\/lizvandal.com\/fr\/wp-json\/wp\/v2\/types\/page"}],"author":[{"embeddable":true,"href":"https:\/\/lizvandal.com\/fr\/wp-json\/wp\/v2\/users\/1"}],"replies":[{"embeddable":true,"href":"https:\/\/lizvandal.com\/fr\/wp-json\/wp\/v2\/comments?post=411"}],"version-history":[{"count":31,"href":"https:\/\/lizvandal.com\/fr\/wp-json\/wp\/v2\/pages\/411\/revisions"}],"predecessor-version":[{"id":1083,"href":"https:\/\/lizvandal.com\/fr\/wp-json\/wp\/v2\/pages\/411\/revisions\/1083"}],"wp:attachment":[{"href":"https:\/\/lizvandal.com\/fr\/wp-json\/wp\/v2\/media?parent=411"}],"curies":[{"name":"wp","href":"https:\/\/api.w.org\/{rel}","templated":true}]}}