{"id":42,"date":"2014-07-21T15:36:02","date_gmt":"2014-07-21T15:36:02","guid":{"rendered":"https:\/\/lizvandal.com\/wp\/?page_id=42"},"modified":"2014-08-04T16:54:53","modified_gmt":"2014-08-04T16:54:53","slug":"coaching-2","status":"publish","type":"page","link":"https:\/\/lizvandal.com\/fr\/coaching-2\/","title":{"rendered":"Coaching"},"content":{"rendered":"<h4>Vandal offre ses services de coaching, conf\u00e9rence et ateliers cr\u00e9atifs aupr\u00e8s des \u00e9coles, entreprises et corporation!<div class='ninzio-gap inline-ninzio-clearfix' style='height:15px'>&nbsp;<\/div><\/h4>\n<div id=\"col_one_third_1\" class=\"shortcode col one_third last-no\">\n[colorbox color=\u00a0\u00bb\u00a0\u00bb border_color=\u00a0\u00bb#e1e1e1&Prime; background_color=\u00a0\u00bb#f0f0f0&Prime; border_width=\u00a0\u00bb1&Prime; border_radius=\u00a0\u00bb5&Prime; padding=\u00a0\u00bb20px 20px 20px 20px\u00a0\u00bb]<\/p>\n<h4><strong>Coaching<\/strong><\/h4>\n<p>Des interventions d\u2019une journ\u00e9e au \u00ab\u00a0forfait\u00a0\u00bb \u00e0 la semaine en entreprise.L\u2019observation des collections afin d\u2019analyser la d\u00e9marche autant au niveau conceptuel, qu\u2019au niveau technique de la coupe, du d\u00e9veloppement des patrons, de l\u2019\u00e9tude des prototypes et du bien-aller-beau-aller (comme dirait nos amis fran\u00e7ais !)<\/p>\n<p>[\/colorbox]<\/div>\n<div id=\"col_one_third_2\" class=\"shortcode col one_third last-no\">\n[colorbox color=\u00a0\u00bb\u00a0\u00bb border_color=\u00a0\u00bb#e1e1e1&Prime; background_color=\u00a0\u00bb#f0f0f0&Prime; border_width=\u00a0\u00bb1&Prime; border_radius=\u00a0\u00bb5&Prime; padding=\u00a0\u00bb20px 20px 20px 20px\u00a0\u00bb]<\/p>\n<h4><strong>Conf\u00e9rences<\/strong><\/h4>\n<p>Des pep-talks inspirants. Avec son approche parfois d\u00e9routantes, touchante et motivante, Liz inspire par le partage de ces exp\u00e9riences.<br \/>\nT\u00e9moignages, r\u00e9flexion, philosophie, partage des connaissances et de la passion. Trucs pour innover, se r\u00e9inventer, retrouver le feu qui anime l\u2019\u00e2me artiste en chacun.<br \/>\n[\/colorbox]<\/p>\n<\/div>\n<div id=\"col_one_third_3\" class=\"shortcode col one_third last-yes\">\n[colorbox color=\u00a0\u00bb\u00a0\u00bb border_color=\u00a0\u00bb#e1e1e1&Prime; background_color=\u00a0\u00bb#f0f0f0&Prime; border_width=\u00a0\u00bb1&Prime; border_radius=\u00a0\u00bb5&Prime; padding=\u00a0\u00bb20px 20px 20px 20px\u00a0\u00bb]<\/p>\n<h4><strong>Atelier cr\u00e9atifs<\/strong><\/h4>\n<p>Des exercices pour se reconnecter \u00e0 sa cr\u00e9ativit\u00e9 inn\u00e9e, arr\u00eater le mental contr\u00f4lant qui obstrue l\u2019inspiration naturelle, passer \u00e0 l\u2019action de cr\u00e9er au lieu de l\u2019intellectualisation du processus.<br \/>\n[\/colorbox]<\/div><span class=\"inline-ninzio-clearfix\"><\/span><div class='ninzio-gap inline-ninzio-clearfix' style='height:25px'>&nbsp;<\/div>\n","protected":false},"excerpt":{"rendered":"<p>Vandal offre ses services de coaching, conf\u00e9rence et ateliers cr\u00e9atifs aupr\u00e8s des \u00e9coles, entreprises et corporation!<\/p>\n","protected":false},"author":1,"featured_media":0,"parent":0,"menu_order":0,"comment_status":"open","ping_status":"open","template":"","meta":{"ngg_post_thumbnail":0,"footnotes":""},"yoast_head":"<!-- This site is optimized with the Yoast SEO plugin v22.1 - https:\/\/yoast.com\/wordpress\/plugins\/seo\/ -->\n<title>Coaching - Liz Vandal<\/title>\n<meta name=\"robots\" content=\"index, follow, max-snippet:-1, max-image-preview:large, max-video-preview:-1\" \/>\n<link rel=\"canonical\" href=\"https:\/\/lizvandal.com\/fr\/coaching-2\/\" \/>\n<meta property=\"og:locale\" content=\"fr_FR\" \/>\n<meta property=\"og:type\" content=\"article\" \/>\n<meta property=\"og:title\" content=\"Coaching - Liz Vandal\" \/>\n<meta property=\"og:description\" content=\"Vandal offre ses services de coaching, conf\u00e9rence et ateliers cr\u00e9atifs aupr\u00e8s des \u00e9coles, entreprises et corporation!\" \/>\n<meta property=\"og:url\" content=\"https:\/\/lizvandal.com\/fr\/coaching-2\/\" \/>\n<meta property=\"og:site_name\" content=\"Liz Vandal\" \/>\n<meta property=\"article:modified_time\" content=\"2014-08-04T16:54:53+00:00\" \/>\n<meta name=\"twitter:card\" content=\"summary_large_image\" \/>\n<meta name=\"twitter:label1\" content=\"Dur\u00e9e de lecture estim\u00e9e\" \/>\n\t<meta name=\"twitter:data1\" content=\"1 minute\" \/>\n<script type=\"application\/ld+json\" class=\"yoast-schema-graph\">{\"@context\":\"https:\/\/schema.org\",\"@graph\":[{\"@type\":\"WebPage\",\"@id\":\"https:\/\/lizvandal.com\/fr\/coaching-2\/\",\"url\":\"https:\/\/lizvandal.com\/fr\/coaching-2\/\",\"name\":\"Coaching - Liz Vandal\",\"isPartOf\":{\"@id\":\"https:\/\/lizvandal.com\/#website\"},\"datePublished\":\"2014-07-21T15:36:02+00:00\",\"dateModified\":\"2014-08-04T16:54:53+00:00\",\"breadcrumb\":{\"@id\":\"https:\/\/lizvandal.com\/fr\/coaching-2\/#breadcrumb\"},\"inLanguage\":\"fr-FR\",\"potentialAction\":[{\"@type\":\"ReadAction\",\"target\":[\"https:\/\/lizvandal.com\/fr\/coaching-2\/\"]}]},{\"@type\":\"BreadcrumbList\",\"@id\":\"https:\/\/lizvandal.com\/fr\/coaching-2\/#breadcrumb\",\"itemListElement\":[{\"@type\":\"ListItem\",\"position\":1,\"name\":\"Accueil\",\"item\":\"https:\/\/lizvandal.com\/fr\/\"},{\"@type\":\"ListItem\",\"position\":2,\"name\":\"Coaching\"}]},{\"@type\":\"WebSite\",\"@id\":\"https:\/\/lizvandal.com\/#website\",\"url\":\"https:\/\/lizvandal.com\/\",\"name\":\"Liz Vandal\",\"description\":\"Design | Costumes | Art\",\"publisher\":{\"@id\":\"https:\/\/lizvandal.com\/#organization\"},\"potentialAction\":[{\"@type\":\"SearchAction\",\"target\":{\"@type\":\"EntryPoint\",\"urlTemplate\":\"https:\/\/lizvandal.com\/?s={search_term_string}\"},\"query-input\":\"required name=search_term_string\"}],\"inLanguage\":\"fr-FR\"},{\"@type\":\"Organization\",\"@id\":\"https:\/\/lizvandal.com\/#organization\",\"name\":\"Vandal Costumes\",\"url\":\"https:\/\/lizvandal.com\/\",\"logo\":{\"@type\":\"ImageObject\",\"inLanguage\":\"fr-FR\",\"@id\":\"https:\/\/lizvandal.com\/#\/schema\/logo\/image\/\",\"url\":\"http:\/\/lizvandal.com\/wp-content\/uploads\/2014\/07\/logo-vandal-reg1.png\",\"contentUrl\":\"http:\/\/lizvandal.com\/wp-content\/uploads\/2014\/07\/logo-vandal-reg1.png\",\"width\":184,\"height\":75,\"caption\":\"Vandal Costumes\"},\"image\":{\"@id\":\"https:\/\/lizvandal.com\/#\/schema\/logo\/image\/\"}}]}<\/script>\n<!-- \/ Yoast SEO plugin. -->","yoast_head_json":{"title":"Coaching - Liz Vandal","robots":{"index":"index","follow":"follow","max-snippet":"max-snippet:-1","max-image-preview":"max-image-preview:large","max-video-preview":"max-video-preview:-1"},"canonical":"https:\/\/lizvandal.com\/fr\/coaching-2\/","og_locale":"fr_FR","og_type":"article","og_title":"Coaching - Liz Vandal","og_description":"Vandal offre ses services de coaching, conf\u00e9rence et ateliers cr\u00e9atifs aupr\u00e8s des \u00e9coles, entreprises et corporation!","og_url":"https:\/\/lizvandal.com\/fr\/coaching-2\/","og_site_name":"Liz Vandal","article_modified_time":"2014-08-04T16:54:53+00:00","twitter_card":"summary_large_image","twitter_misc":{"Dur\u00e9e de lecture estim\u00e9e":"1 minute"},"schema":{"@context":"https:\/\/schema.org","@graph":[{"@type":"WebPage","@id":"https:\/\/lizvandal.com\/fr\/coaching-2\/","url":"https:\/\/lizvandal.com\/fr\/coaching-2\/","name":"Coaching - Liz Vandal","isPartOf":{"@id":"https:\/\/lizvandal.com\/#website"},"datePublished":"2014-07-21T15:36:02+00:00","dateModified":"2014-08-04T16:54:53+00:00","breadcrumb":{"@id":"https:\/\/lizvandal.com\/fr\/coaching-2\/#breadcrumb"},"inLanguage":"fr-FR","potentialAction":[{"@type":"ReadAction","target":["https:\/\/lizvandal.com\/fr\/coaching-2\/"]}]},{"@type":"BreadcrumbList","@id":"https:\/\/lizvandal.com\/fr\/coaching-2\/#breadcrumb","itemListElement":[{"@type":"ListItem","position":1,"name":"Accueil","item":"https:\/\/lizvandal.com\/fr\/"},{"@type":"ListItem","position":2,"name":"Coaching"}]},{"@type":"WebSite","@id":"https:\/\/lizvandal.com\/#website","url":"https:\/\/lizvandal.com\/","name":"Liz Vandal","description":"Design | Costumes | Art","publisher":{"@id":"https:\/\/lizvandal.com\/#organization"},"potentialAction":[{"@type":"SearchAction","target":{"@type":"EntryPoint","urlTemplate":"https:\/\/lizvandal.com\/?s={search_term_string}"},"query-input":"required name=search_term_string"}],"inLanguage":"fr-FR"},{"@type":"Organization","@id":"https:\/\/lizvandal.com\/#organization","name":"Vandal Costumes","url":"https:\/\/lizvandal.com\/","logo":{"@type":"ImageObject","inLanguage":"fr-FR","@id":"https:\/\/lizvandal.com\/#\/schema\/logo\/image\/","url":"http:\/\/lizvandal.com\/wp-content\/uploads\/2014\/07\/logo-vandal-reg1.png","contentUrl":"http:\/\/lizvandal.com\/wp-content\/uploads\/2014\/07\/logo-vandal-reg1.png","width":184,"height":75,"caption":"Vandal Costumes"},"image":{"@id":"https:\/\/lizvandal.com\/#\/schema\/logo\/image\/"}}]}},"_links":{"self":[{"href":"https:\/\/lizvandal.com\/fr\/wp-json\/wp\/v2\/pages\/42"}],"collection":[{"href":"https:\/\/lizvandal.com\/fr\/wp-json\/wp\/v2\/pages"}],"about":[{"href":"https:\/\/lizvandal.com\/fr\/wp-json\/wp\/v2\/types\/page"}],"author":[{"embeddable":true,"href":"https:\/\/lizvandal.com\/fr\/wp-json\/wp\/v2\/users\/1"}],"replies":[{"embeddable":true,"href":"https:\/\/lizvandal.com\/fr\/wp-json\/wp\/v2\/comments?post=42"}],"version-history":[{"count":17,"href":"https:\/\/lizvandal.com\/fr\/wp-json\/wp\/v2\/pages\/42\/revisions"}],"predecessor-version":[{"id":413,"href":"https:\/\/lizvandal.com\/fr\/wp-json\/wp\/v2\/pages\/42\/revisions\/413"}],"wp:attachment":[{"href":"https:\/\/lizvandal.com\/fr\/wp-json\/wp\/v2\/media?parent=42"}],"curies":[{"name":"wp","href":"https:\/\/api.w.org\/{rel}","templated":true}]}}