{"id":471,"date":"2014-08-12T15:32:41","date_gmt":"2014-08-12T15:32:41","guid":{"rendered":"https:\/\/lizvandal.com\/wp\/?page_id=471"},"modified":"2016-04-13T15:22:56","modified_gmt":"2016-04-13T15:22:56","slug":"accueil-2","status":"publish","type":"page","link":"https:\/\/lizvandal.com\/fr\/","title":{"rendered":"Accueil"},"content":{"rendered":"<p class=\"p1\" style=\"text-align: center;\"><div class='ninzio-gap inline-ninzio-clearfix' style='height:25px'>&nbsp;<\/div>\n<h3 class=\"p1\" style=\"text-align: center;\">\u00ab\u00a0Travailler avec amour, c\u2019est tisser l\u2019\u00e9toffe avec des fils tir\u00e9s de votre c\u0153ur, comme si votre bien-aim\u00e9 devait la porter\u00a0\u00bb<\/h3>\n<h3 class=\"p1\" style=\"text-align: center;\"><em>Khalil Gibran, Le proph\u00e8te<\/em><\/h3>\n<p class=\"p1\" style=\"text-align: center;\"><div class='ninzio-gap inline-ninzio-clearfix' style='height:25px'>&nbsp;<\/div>\n","protected":false},"excerpt":{"rendered":"<p>\u00ab\u00a0Travailler avec amour, c\u2019est tisser l\u2019\u00e9toffe avec des fils tir\u00e9s de votre c\u0153ur, comme si votre bien-aim\u00e9 devait la porter\u00a0\u00bb Khalil Gibran, Le proph\u00e8te<\/p>\n","protected":false},"author":1,"featured_media":0,"parent":0,"menu_order":0,"comment_status":"open","ping_status":"open","template":"","meta":{"ngg_post_thumbnail":0,"footnotes":""},"yoast_head":"<!-- This site is optimized with the Yoast SEO plugin v22.1 - https:\/\/yoast.com\/wordpress\/plugins\/seo\/ -->\n<title>Vandal Costumes pour danse, cirque et \u00e9v\u00e9nements internationaux<\/title>\n<meta name=\"robots\" content=\"index, follow, max-snippet:-1, max-image-preview:large, max-video-preview:-1\" \/>\n<link rel=\"canonical\" href=\"https:\/\/lizvandal.com\/fr\/\" \/>\n<meta property=\"og:locale\" content=\"fr_FR\" \/>\n<meta property=\"og:type\" content=\"article\" \/>\n<meta property=\"og:title\" content=\"Vandal Costumes pour danse, cirque et \u00e9v\u00e9nements internationaux\" \/>\n<meta property=\"og:description\" content=\"\u00ab\u00a0Travailler avec amour, c\u2019est tisser l\u2019\u00e9toffe avec des fils tir\u00e9s de votre c\u0153ur, comme si votre bien-aim\u00e9 devait la porter\u00a0\u00bb Khalil Gibran, Le proph\u00e8te\" \/>\n<meta property=\"og:url\" content=\"https:\/\/lizvandal.com\/fr\/\" \/>\n<meta property=\"og:site_name\" content=\"Liz Vandal\" \/>\n<meta property=\"article:modified_time\" content=\"2016-04-13T15:22:56+00:00\" \/>\n<meta name=\"twitter:card\" content=\"summary_large_image\" \/>\n<script type=\"application\/ld+json\" class=\"yoast-schema-graph\">{\"@context\":\"https:\/\/schema.org\",\"@graph\":[{\"@type\":\"WebPage\",\"@id\":\"https:\/\/lizvandal.com\/fr\/\",\"url\":\"https:\/\/lizvandal.com\/fr\/\",\"name\":\"Vandal Costumes pour danse, cirque et \u00e9v\u00e9nements internationaux\",\"isPartOf\":{\"@id\":\"https:\/\/lizvandal.com\/#website\"},\"datePublished\":\"2014-08-12T15:32:41+00:00\",\"dateModified\":\"2016-04-13T15:22:56+00:00\",\"breadcrumb\":{\"@id\":\"https:\/\/lizvandal.com\/fr\/#breadcrumb\"},\"inLanguage\":\"fr-FR\",\"potentialAction\":[{\"@type\":\"ReadAction\",\"target\":[\"https:\/\/lizvandal.com\/fr\/\"]}]},{\"@type\":\"BreadcrumbList\",\"@id\":\"https:\/\/lizvandal.com\/fr\/#breadcrumb\",\"itemListElement\":[{\"@type\":\"ListItem\",\"position\":1,\"name\":\"Accueil\",\"item\":\"https:\/\/lizvandal.com\/fr\/\"},{\"@type\":\"ListItem\",\"position\":2,\"name\":\"Accueil\"}]},{\"@type\":\"WebSite\",\"@id\":\"https:\/\/lizvandal.com\/#website\",\"url\":\"https:\/\/lizvandal.com\/\",\"name\":\"Liz Vandal\",\"description\":\"Design | Costumes | Art\",\"publisher\":{\"@id\":\"https:\/\/lizvandal.com\/#organization\"},\"potentialAction\":[{\"@type\":\"SearchAction\",\"target\":{\"@type\":\"EntryPoint\",\"urlTemplate\":\"https:\/\/lizvandal.com\/?s={search_term_string}\"},\"query-input\":\"required name=search_term_string\"}],\"inLanguage\":\"fr-FR\"},{\"@type\":\"Organization\",\"@id\":\"https:\/\/lizvandal.com\/#organization\",\"name\":\"Vandal Costumes\",\"url\":\"https:\/\/lizvandal.com\/\",\"logo\":{\"@type\":\"ImageObject\",\"inLanguage\":\"fr-FR\",\"@id\":\"https:\/\/lizvandal.com\/#\/schema\/logo\/image\/\",\"url\":\"http:\/\/lizvandal.com\/wp-content\/uploads\/2014\/07\/logo-vandal-reg1.png\",\"contentUrl\":\"http:\/\/lizvandal.com\/wp-content\/uploads\/2014\/07\/logo-vandal-reg1.png\",\"width\":184,\"height\":75,\"caption\":\"Vandal Costumes\"},\"image\":{\"@id\":\"https:\/\/lizvandal.com\/#\/schema\/logo\/image\/\"}}]}<\/script>\n<!-- \/ Yoast SEO plugin. -->","yoast_head_json":{"title":"Vandal Costumes pour danse, cirque et \u00e9v\u00e9nements internationaux","robots":{"index":"index","follow":"follow","max-snippet":"max-snippet:-1","max-image-preview":"max-image-preview:large","max-video-preview":"max-video-preview:-1"},"canonical":"https:\/\/lizvandal.com\/fr\/","og_locale":"fr_FR","og_type":"article","og_title":"Vandal Costumes pour danse, cirque et \u00e9v\u00e9nements internationaux","og_description":"\u00ab\u00a0Travailler avec amour, c\u2019est tisser l\u2019\u00e9toffe avec des fils tir\u00e9s de votre c\u0153ur, comme si votre bien-aim\u00e9 devait la porter\u00a0\u00bb Khalil Gibran, Le proph\u00e8te","og_url":"https:\/\/lizvandal.com\/fr\/","og_site_name":"Liz Vandal","article_modified_time":"2016-04-13T15:22:56+00:00","twitter_card":"summary_large_image","schema":{"@context":"https:\/\/schema.org","@graph":[{"@type":"WebPage","@id":"https:\/\/lizvandal.com\/fr\/","url":"https:\/\/lizvandal.com\/fr\/","name":"Vandal Costumes pour danse, cirque et \u00e9v\u00e9nements internationaux","isPartOf":{"@id":"https:\/\/lizvandal.com\/#website"},"datePublished":"2014-08-12T15:32:41+00:00","dateModified":"2016-04-13T15:22:56+00:00","breadcrumb":{"@id":"https:\/\/lizvandal.com\/fr\/#breadcrumb"},"inLanguage":"fr-FR","potentialAction":[{"@type":"ReadAction","target":["https:\/\/lizvandal.com\/fr\/"]}]},{"@type":"BreadcrumbList","@id":"https:\/\/lizvandal.com\/fr\/#breadcrumb","itemListElement":[{"@type":"ListItem","position":1,"name":"Accueil","item":"https:\/\/lizvandal.com\/fr\/"},{"@type":"ListItem","position":2,"name":"Accueil"}]},{"@type":"WebSite","@id":"https:\/\/lizvandal.com\/#website","url":"https:\/\/lizvandal.com\/","name":"Liz Vandal","description":"Design | Costumes | Art","publisher":{"@id":"https:\/\/lizvandal.com\/#organization"},"potentialAction":[{"@type":"SearchAction","target":{"@type":"EntryPoint","urlTemplate":"https:\/\/lizvandal.com\/?s={search_term_string}"},"query-input":"required name=search_term_string"}],"inLanguage":"fr-FR"},{"@type":"Organization","@id":"https:\/\/lizvandal.com\/#organization","name":"Vandal Costumes","url":"https:\/\/lizvandal.com\/","logo":{"@type":"ImageObject","inLanguage":"fr-FR","@id":"https:\/\/lizvandal.com\/#\/schema\/logo\/image\/","url":"http:\/\/lizvandal.com\/wp-content\/uploads\/2014\/07\/logo-vandal-reg1.png","contentUrl":"http:\/\/lizvandal.com\/wp-content\/uploads\/2014\/07\/logo-vandal-reg1.png","width":184,"height":75,"caption":"Vandal Costumes"},"image":{"@id":"https:\/\/lizvandal.com\/#\/schema\/logo\/image\/"}}]}},"_links":{"self":[{"href":"https:\/\/lizvandal.com\/fr\/wp-json\/wp\/v2\/pages\/471"}],"collection":[{"href":"https:\/\/lizvandal.com\/fr\/wp-json\/wp\/v2\/pages"}],"about":[{"href":"https:\/\/lizvandal.com\/fr\/wp-json\/wp\/v2\/types\/page"}],"author":[{"embeddable":true,"href":"https:\/\/lizvandal.com\/fr\/wp-json\/wp\/v2\/users\/1"}],"replies":[{"embeddable":true,"href":"https:\/\/lizvandal.com\/fr\/wp-json\/wp\/v2\/comments?post=471"}],"version-history":[{"count":12,"href":"https:\/\/lizvandal.com\/fr\/wp-json\/wp\/v2\/pages\/471\/revisions"}],"predecessor-version":[{"id":989,"href":"https:\/\/lizvandal.com\/fr\/wp-json\/wp\/v2\/pages\/471\/revisions\/989"}],"wp:attachment":[{"href":"https:\/\/lizvandal.com\/fr\/wp-json\/wp\/v2\/media?parent=471"}],"curies":[{"name":"wp","href":"https:\/\/api.w.org\/{rel}","templated":true}]}}